{"id":81,"date":"2023-10-31T14:07:34","date_gmt":"2023-10-31T13:07:34","guid":{"rendered":"https:\/\/man-becker.de\/neu\/de\/?page_id=81"},"modified":"2023-11-22T12:10:00","modified_gmt":"2023-11-22T11:10:00","slug":"historie","status":"publish","type":"page","link":"https:\/\/man-becker.de\/neu\/en\/unternehmen\/historie\/","title":{"rendered":"Historie"},"content":{"rendered":"<p>[vc_row][vc_column][\/vc_column][\/vc_row][vc_row][vc_column][vc_column_text]<\/p>\n<h1>Historie<\/h1>\n<p>[\/vc_column_text][\/vc_column][\/vc_row][vc_row][vc_column][vc_column_text]<\/p>\n<table border=\"0\" width=\"607\" cellspacing=\"0\" cellpadding=\"1\">\n<tbody>\n<tr valign=\"top\">\n<td class=\"text2\" width=\"50\"><b>1960<\/b><\/td>\n<td class=\"text2\" width=\"330\">Gr\u00fcndung des Unternehmens durch Herrn Walter Becker<br \/>\nVertragspartnerschaft mit B\u00fcssing Nutzfahrzeuge bis 1972<\/td>\n<\/tr>\n<tr valign=\"top\">\n<td class=\"text2\"><b>1972<\/b><\/td>\n<td class=\"text2\">Vertragspartnerschaft mit der MAN Nutzfahrzeuge AG<\/td>\n<\/tr>\n<tr valign=\"top\">\n<td class=\"text2\"><b>1984<\/b><\/td>\n<td class=\"text2\">Umzug der Firma zur K\u00f6lner Str. in Hagen-Haspe<\/td>\n<\/tr>\n<tr valign=\"top\">\n<td class=\"text2\"><b>1998<\/b><\/td>\n<td class=\"text2\">Erweiterung der Werkstatt<\/td>\n<\/tr>\n<tr valign=\"top\">\n<td class=\"text2\"><b>2004<\/b><\/td>\n<td class=\"text2\">Umfassende Modernisierung der Werkstatt und des Servicebereiches<\/td>\n<\/tr>\n<tr valign=\"top\">\n<td class=\"text2\"><b>2006<\/b><\/td>\n<td class=\"text2\">Erneuerung des Bremsenpr\u00fcfstandes auf neueste Pr\u00fcftechnik.<\/td>\n<\/tr>\n<tr valign=\"top\">\n<td class=\"text2\"><b>2008<\/b><\/td>\n<td class=\"text2\">\u00d6labscheide-Anlage f\u00fcr die Hoffl\u00e4che von 10.000 qm erneuert<\/td>\n<\/tr>\n<tr valign=\"top\">\n<td class=\"text2\"><b>2009<\/b><\/td>\n<td class=\"text2\">Ankauf von weiteren 4.200 qm Fl\u00e4che direkt neben dem Werksgel\u00e4nde<\/td>\n<\/tr>\n<tr valign=\"top\">\n<td class=\"text2\"><b>2010<\/b><\/td>\n<td class=\"text2\">Abriss der alten Hallen K\u00f6lner Str. 52 und 52A<br \/>\nVergr\u00f6\u00dferung und Pflasterung der Einfahrt K\u00f6lner Stra\u00dfe 52A<\/td>\n<\/tr>\n<tr valign=\"top\">\n<td class=\"text2\"><b>2011<\/b><\/td>\n<td class=\"text2\">Pflasterung der westlichen Neufl\u00e4che<\/td>\n<\/tr>\n<tr valign=\"top\">\n<td class=\"text2\"><b>2012<\/b><\/td>\n<td class=\"text2\">R\u00fcckbau\u00a0einiger Garagen,\u00a0R\u00fcckbau Bremsenpr\u00fcfstand.<br \/>\nNeubau Tankstelle, Waschstrasse, Bremsenpr\u00fcfstand und Diagnosehalle.<\/td>\n<\/tr>\n<tr>\n<td class=\"text2\"><strong>2017<\/strong><\/td>\n<td class=\"text2\">Mehrmarkenauftritt und Erweiterung des Mietfuhrparks. R\u00e4umliche Ver\u00e4nderungen<\/td>\n<\/tr>\n<tr>\n<td class=\"text2\"><strong>2021<\/strong><\/td>\n<td class=\"text2\">\u00c4nderung der Gesch\u00e4ftsf\u00fchrung<\/td>\n<\/tr>\n<tr>\n<td class=\"text2\"><strong>2021<\/strong><\/td>\n<td class=\"text2\">Hochwasser: Erneuerung von Bremsenpr\u00fcfstand, Grubenheber und Waschstra\u00dfe<\/td>\n<\/tr>\n<tr>\n<td class=\"text2\"><strong>2022<\/strong><\/td>\n<td class=\"text2\">Hofsanierung<\/td>\n<\/tr>\n<tr>\n<td class=\"text2\"><strong>2023<\/strong><\/td>\n<td class=\"text2\">Sanierung von Dach und PV-Anlage<\/td>\n<\/tr>\n<tr>\n<td class=\"text2\"><\/td>\n<td class=\"text2\">Dieser Betrieb besch\u00e4ftigt zur Zeit\u00a020 Personen.<\/td>\n<\/tr>\n<\/tbody>\n<\/table>\n<p>[\/vc_column_text][\/vc_column][\/vc_row]<\/p>\n","protected":false},"excerpt":{"rendered":"<p>[vc_row][vc_column][\/vc_column][\/vc_row][vc_row][vc_column][vc_column_text] Historie [\/vc_column_text][\/vc_column][\/vc_row][vc_row][vc_column][vc_column_text] 1960 Gr\u00fcndung des Unternehmens durch Herrn Walter Becker Vertragspartnerschaft mit B\u00fcssing Nutzfahrzeuge bis 1972 1972 Vertragspartnerschaft mit der MAN Nutzfahrzeuge AG 1984 Umzug der Firma zur K\u00f6lner Str. in Hagen-Haspe 1998 Erweiterung der Werkstatt 2004 Umfassende Modernisierung der Werkstatt und des Servicebereiches 2006 Erneuerung des Bremsenpr\u00fcfstandes auf neueste Pr\u00fcftechnik. 2008 \u00d6labscheide-Anlage f\u00fcr&hellip;&nbsp;<a href=\"https:\/\/man-becker.de\/neu\/en\/unternehmen\/historie\/\" rel=\"bookmark\">Read More &raquo;<span class=\"screen-reader-text\">Historie<\/span><\/a><\/p>\n","protected":false},"author":1,"featured_media":0,"parent":65,"menu_order":11,"comment_status":"closed","ping_status":"closed","template":"","meta":{"inline_featured_image":false,"neve_meta_sidebar":"","neve_meta_container":"","neve_meta_enable_content_width":"off","neve_meta_content_width":100,"neve_meta_title_alignment":"","neve_meta_author_avatar":"","neve_post_elements_order":"","neve_meta_disable_header":"","neve_meta_disable_footer":"","neve_meta_disable_title":"on","footnotes":""},"class_list":["post-81","page","type-page","status-publish","hentry"],"_links":{"self":[{"href":"https:\/\/man-becker.de\/neu\/en\/wp-json\/wp\/v2\/pages\/81","targetHints":{"allow":["GET"]}}],"collection":[{"href":"https:\/\/man-becker.de\/neu\/en\/wp-json\/wp\/v2\/pages"}],"about":[{"href":"https:\/\/man-becker.de\/neu\/en\/wp-json\/wp\/v2\/types\/page"}],"author":[{"embeddable":true,"href":"https:\/\/man-becker.de\/neu\/en\/wp-json\/wp\/v2\/users\/1"}],"replies":[{"embeddable":true,"href":"https:\/\/man-becker.de\/neu\/en\/wp-json\/wp\/v2\/comments?post=81"}],"version-history":[{"count":1,"href":"https:\/\/man-becker.de\/neu\/en\/wp-json\/wp\/v2\/pages\/81\/revisions"}],"predecessor-version":[{"id":82,"href":"https:\/\/man-becker.de\/neu\/en\/wp-json\/wp\/v2\/pages\/81\/revisions\/82"}],"up":[{"embeddable":true,"href":"https:\/\/man-becker.de\/neu\/en\/wp-json\/wp\/v2\/pages\/65"}],"wp:attachment":[{"href":"https:\/\/man-becker.de\/neu\/en\/wp-json\/wp\/v2\/media?parent=81"}],"curies":[{"name":"wp","href":"https:\/\/api.w.org\/{rel}","templated":true}]}}